{"id":127,"date":"2018-10-17T12:57:22","date_gmt":"2018-10-17T12:57:22","guid":{"rendered":"http:\/\/kleingarten-buergerfeld-dessau.de\/cms\/?page_id=127"},"modified":"2026-02-17T19:14:42","modified_gmt":"2026-02-17T18:14:42","slug":"abfuhrkalender","status":"publish","type":"page","link":"https:\/\/kleingarten-buergerfeld-dessau.de\/cms\/abfuhrkalender\/","title":{"rendered":"Abfuhrkalender"},"content":{"rendered":"<h2>Bioentsorgung 2026<\/h2>\n<p>Die Entsorgung von Bioabf\u00e4llen aus Kleingartenanlagen erfolgt ausschlie\u00dflich \u00fcber sogenannte Saison-Biotonnen.<\/p>\n<p>Die Saison-Biotonne wird in der Zeit von der 12. Kalenderwoche (Mitte M\u00e4rz) bis zur 47. Kalenderwoche (Mitte November) im 14-t\u00e4glichen Entsorgungsrhythmus entleert. In diesem Zeitraum sind 16 Entleerungen m\u00f6glich.<\/p>\n<p>Weitere Informationen erhaltet Ihr auf dem Internetauftritt der Stadtpflege Dessau-Ro\u00dflau<\/p>\n<blockquote>\n<p><strong><a href=\"https:\/\/stadtpflege.dessau-rosslau.de\/entsorgung\/bioentsorgung\/\">&gt;klick hier&lt;&lt;<\/a><\/strong><\/p>\n<\/blockquote>\n<h2>Abholtermine der Biotonne<\/h2>\n<h5><a href=\"https:\/\/stadtpflege.dessau-rosslau.de\/cms\/wp-content\/uploads\/2025\/12\/DE-RO_AK-2026_251125_XS_verlinkt.pdf\">&gt;&gt;Abfallkalender der Stadt-Dessau-Ro\u00dflau 2026&lt;&lt;<\/a><\/h5>\n<p>Januar 3 \/ 16 \/ 30<\/p>\n<p>Februar 13 \/ 27<\/p>\n<p>M\u00e4rz 13 \/ 27<\/p>\n<p>April 11 \/ 24<\/p>\n<p>Mai 8 \/ 22<\/p>\n<p>Juni 5 \/ 19<\/p>\n<p>Juli 2 \/ 23<\/p>\n<p>August 14 \/ 28<\/p>\n<p>September 11 \/ 25<\/p>\n<p>Oktober 9 \/ 23<\/p>\n<p>November 6 \/ 20<\/p>\n<p>Dezember 4 \/ 18 \/ 30<\/p>\n<p>Alle registrierten Gartenfreunde werden vom Eigenbetrieb Stadtpflege Dessau-Ro\u00dflau zwecks der Rechnungslegung pers\u00f6nlich angeschrieben.<\/p>\n<p>Sollten Ver\u00e4nderungen bez\u00fcglich Adresse, Neuverpachtungen oder Biotonnengr\u00f6\u00dfen stattgefunden haben, Informieren Sie bitte umgehend den Eigenbetrieb Stadtpflege.<\/p>\n<p>\u00a0<\/p>\n<h2>F\u00e4kalien<\/h2>\n<p>Die Firma<\/p>\n<p>REMONDIS Mitteldeutschland GmbH<br \/>Betriebsst\u00e4tte Schkopau<br \/>Berliner Stra\u00dfe 161<br \/>06258 Schkopau OT D\u00f6llnitz<\/p>\n<p><br \/>\u00fcbernimmt die T\u00e4tigkeit im Hoheitsgebiet Dessau-Ro\u00dflau als dezentraler Entsorger.<br \/>Daraus ergeben sich neue<br \/>Ansprechpartner:<\/p>\n<p><br \/>Frau L\u00fcth, Frau Brandin Telefon: 0345 7757890<br \/>Fax: 0345 77578929 E-Mail: dispo-schkopau@remondis.de<\/p>\n<p>F\u00fcr Entsorgungstermine ab dem 01.01.2025 sind die oben aufgef\u00fchrte Telefonnummer<br \/>bzw. angegebene E-Mail-Adresse zu nutzen.<\/p>\n<p><br \/>Falls erforderlich ist eine schriftliche Zutrittsgenehmigung f\u00fcr das zu entsorgendes<br \/>Grundst\u00fcck beim Entsorgungsunternehmen REMONDIS zu hinterlegen.<\/p>\n\n\n<p><\/p>\n","protected":false},"excerpt":{"rendered":"<p>Bioentsorgung 2026 Die Entsorgung von Bioabf\u00e4llen aus Kleingartenanlagen erfolgt ausschlie\u00dflich \u00fcber sogenannte Saison-Biotonnen. Die Saison-Biotonne wird in der Zeit von der 12. Kalenderwoche (Mitte M\u00e4rz) bis zur 47. Kalenderwoche (Mitte November) im 14-t\u00e4glichen Entsorgungsrhythmus entleert. In diesem Zeitraum sind 16 Entleerungen m\u00f6glich. Weitere Informationen erhaltet Ihr auf dem Internetauftritt der Stadtpflege Dessau-Ro\u00dflau &gt;klick hier&lt;&lt; Abholtermine [&hellip;]<\/p>\n","protected":false},"author":1,"featured_media":0,"parent":0,"menu_order":0,"comment_status":"closed","ping_status":"closed","template":"","meta":{"footnotes":""},"class_list":["post-127","page","type-page","status-publish","hentry"],"_links":{"self":[{"href":"https:\/\/kleingarten-buergerfeld-dessau.de\/cms\/wp-json\/wp\/v2\/pages\/127","targetHints":{"allow":["GET"]}}],"collection":[{"href":"https:\/\/kleingarten-buergerfeld-dessau.de\/cms\/wp-json\/wp\/v2\/pages"}],"about":[{"href":"https:\/\/kleingarten-buergerfeld-dessau.de\/cms\/wp-json\/wp\/v2\/types\/page"}],"author":[{"embeddable":true,"href":"https:\/\/kleingarten-buergerfeld-dessau.de\/cms\/wp-json\/wp\/v2\/users\/1"}],"replies":[{"embeddable":true,"href":"https:\/\/kleingarten-buergerfeld-dessau.de\/cms\/wp-json\/wp\/v2\/comments?post=127"}],"version-history":[{"count":40,"href":"https:\/\/kleingarten-buergerfeld-dessau.de\/cms\/wp-json\/wp\/v2\/pages\/127\/revisions"}],"predecessor-version":[{"id":1086,"href":"https:\/\/kleingarten-buergerfeld-dessau.de\/cms\/wp-json\/wp\/v2\/pages\/127\/revisions\/1086"}],"wp:attachment":[{"href":"https:\/\/kleingarten-buergerfeld-dessau.de\/cms\/wp-json\/wp\/v2\/media?parent=127"}],"curies":[{"name":"wp","href":"https:\/\/api.w.org\/{rel}","templated":true}]}}