{"id":34,"date":"2018-08-24T09:53:48","date_gmt":"2018-08-24T09:53:48","guid":{"rendered":"http:\/\/kleingarten-buergerfeld-dessau.de\/cms\/?page_id=34"},"modified":"2025-05-22T17:25:00","modified_gmt":"2025-05-22T16:25:00","slug":"vorstand","status":"publish","type":"page","link":"https:\/\/kleingarten-buergerfeld-dessau.de\/cms\/vorstand\/","title":{"rendered":"Vorstand"},"content":{"rendered":"<h3>Verantwortlichkeiten im Vorstand unseres KGV \u201eB\u00fcrgerfeld\u201c<\/h3>\n<h4>Gfd. Marcel B\u00f6lling (kommissarischer Vorsitzender)<\/h4>\n<p>Herr B\u00f6lling ist verantwortlich f\u00fcr Gartenordnung, Gartenpachtvertr\u00e4ge, Energie<\/p>\n<p>und Nachbarschaftsproblematiken<\/p>\n<p><a href=\"mailto:vorsitzender@kleingarten-buergerfeld-dessau.de\">vorsitzender@kleingarten-buergerfeld-dessau.de<\/a><\/p>\n<h4>Gfd. Enrico L\u00f6we (kommissarischer Stellv. Vorsitzender)<\/h4>\n<p>Herr L\u00f6we ist die Vertretung des Vorsitzenden<\/p>\n<h4>Gfdin. Frau Anett Karnagel (Schatzmeisterin)<\/h4>\n<p>Frau Karnagel ist verantwortlich f\u00fcr Finanzangelegenheiten, Datenerfassung Energie\/Wasser und \u00d6ffentlichkeitsarbeit<\/p>\n<p><a href=\"mailto:schatzmeisterin@kleingarten-buergerfeld-dessau.de\">schatzmeisterin@kleingarten-buergerfeld-dessau.de<\/a><\/p>\n<h4>Gfdin. Rosemarie Fiedler (Vereinsheim)<\/h4>\n<p>Frau Fiedler ist verantwortlich f\u00fcr die Vermietung des Vereinsheims<\/p>\n<p><a href=\"mailto:Vereinsheim@kleingarten-buergerfeld-dessau.de\">Vereinsheim@kleingarten-buergerfeld-dessau.de<\/a><\/p>\n<h4>Gemeinschaftsarbeit, AG Erhalt und Pflege der Anlage<\/h4>\n<p><a href=\"mailto:Gemeinschaftsarbeit@kleingarten-buergerfeld-dessau.de\">Gemeinschaftsarbeit@kleingarten-buergerfeld-dessau.de<\/a><\/p>\n<p>Gfd. J\u00f6rg Runge<\/p>\n<p>Gfd. Holger Rieger<\/p>\n<h4>AG Elektrik<\/h4>\n<p>Gfd. Bernd Kretschmer<\/p>\n<p><a href=\"mailto:Elektrik@kleingarten-buergerfeld-dessau.de\">Elektrik@kleingarten-buergerfeld-dessau.de<\/a><\/p>\n<h4>AG &#8222;Wasser&#8220;<\/h4>\n<p>Gfd. Ren\u00e9 Profft<\/p>\n<p><a href=\"mailto:Wasser@kleingarten-buergerfeld-dessau.de\">Wasser@kleingarten-buergerfeld-dessau.de<\/a><\/p>\n","protected":false},"excerpt":{"rendered":"<p>Verantwortlichkeiten im Vorstand unseres KGV \u201eB\u00fcrgerfeld\u201c Gfd. Marcel B\u00f6lling (kommissarischer Vorsitzender) Herr B\u00f6lling ist verantwortlich f\u00fcr Gartenordnung, Gartenpachtvertr\u00e4ge, Energie und Nachbarschaftsproblematiken vorsitzender@kleingarten-buergerfeld-dessau.de Gfd. Enrico L\u00f6we (kommissarischer Stellv. Vorsitzender) Herr L\u00f6we ist die Vertretung des Vorsitzenden Gfdin. Frau Anett Karnagel (Schatzmeisterin) Frau Karnagel ist verantwortlich f\u00fcr Finanzangelegenheiten, Datenerfassung Energie\/Wasser und \u00d6ffentlichkeitsarbeit schatzmeisterin@kleingarten-buergerfeld-dessau.de Gfdin. Rosemarie Fiedler (Vereinsheim) [&hellip;]<\/p>\n","protected":false},"author":1,"featured_media":0,"parent":0,"menu_order":0,"comment_status":"closed","ping_status":"closed","template":"","meta":{"footnotes":""},"class_list":["post-34","page","type-page","status-publish","hentry"],"_links":{"self":[{"href":"https:\/\/kleingarten-buergerfeld-dessau.de\/cms\/wp-json\/wp\/v2\/pages\/34","targetHints":{"allow":["GET"]}}],"collection":[{"href":"https:\/\/kleingarten-buergerfeld-dessau.de\/cms\/wp-json\/wp\/v2\/pages"}],"about":[{"href":"https:\/\/kleingarten-buergerfeld-dessau.de\/cms\/wp-json\/wp\/v2\/types\/page"}],"author":[{"embeddable":true,"href":"https:\/\/kleingarten-buergerfeld-dessau.de\/cms\/wp-json\/wp\/v2\/users\/1"}],"replies":[{"embeddable":true,"href":"https:\/\/kleingarten-buergerfeld-dessau.de\/cms\/wp-json\/wp\/v2\/comments?post=34"}],"version-history":[{"count":47,"href":"https:\/\/kleingarten-buergerfeld-dessau.de\/cms\/wp-json\/wp\/v2\/pages\/34\/revisions"}],"predecessor-version":[{"id":1032,"href":"https:\/\/kleingarten-buergerfeld-dessau.de\/cms\/wp-json\/wp\/v2\/pages\/34\/revisions\/1032"}],"wp:attachment":[{"href":"https:\/\/kleingarten-buergerfeld-dessau.de\/cms\/wp-json\/wp\/v2\/media?parent=34"}],"curies":[{"name":"wp","href":"https:\/\/api.w.org\/{rel}","templated":true}]}}