{"id":36,"date":"2018-08-24T09:54:03","date_gmt":"2018-08-24T09:54:03","guid":{"rendered":"http:\/\/kleingarten-buergerfeld-dessau.de\/cms\/?page_id=36"},"modified":"2026-03-29T08:45:36","modified_gmt":"2026-03-29T07:45:36","slug":"vereinsheim","status":"publish","type":"page","link":"https:\/\/kleingarten-buergerfeld-dessau.de\/cms\/vereinsheim\/","title":{"rendered":"Vereinsheim"},"content":{"rendered":"<h4>Vereinsheim mieten<\/h4>\n<p>Der Saal ist gut geeignet f\u00fcr Vereins- und Familienfeiern f\u00fcr bis zu 50 Personen.<\/p>\n<p>Saal, Gastst\u00e4tte mit Getr\u00e4nkebuffet, K\u00fcchen, Toilettenanlagen sowie B\u00fchnen und separate R\u00e4umlichkeiten sind in der Nutzung inbegriffen.<\/p>\n<p>F\u00fcr Auskunft und Bestellungen k\u00f6nnen Sie gern an Gartenfreundin Fiedler per WhatsApp unter 017655286906 kontaktieren. Anonyme Anrufe werden allerdings ignoriert.<\/p>\n<h4>das Vereinsheim<\/h4>\n<div class=\"rl-gallery-container rl-loading\" id=\"rl-gallery-container-1\" data-gallery_id=\"264\"> <div class=\"rl-gallery rl-basicgrid-gallery rl-hover-effect-1\" id=\"rl-gallery-1\" data-gallery_no=\"1\"> <div class=\"rl-gallery-item\"><a href=\"https:\/\/kleingarten-buergerfeld-dessau.de\/cms\/wp-content\/uploads\/2018\/10\/08167002.jpg\" title=\"\" data-rl_title=\"\" class=\"rl-gallery-link\" data-rl_caption=\"\" data-rel=\"lightbox-gallery-1\"><img loading=\"lazy\" decoding=\"async\" src=\"https:\/\/kleingarten-buergerfeld-dessau.de\/cms\/wp-content\/uploads\/2018\/10\/08167002-300x166.jpg\" width=\"300\" height=\"166\" alt=\"\" \/><\/a><\/div><div class=\"rl-gallery-item\"><a href=\"https:\/\/kleingarten-buergerfeld-dessau.de\/cms\/wp-content\/uploads\/2018\/10\/08167004.jpg\" title=\"\" data-rl_title=\"\" class=\"rl-gallery-link\" data-rl_caption=\"\" data-rel=\"lightbox-gallery-1\"><img loading=\"lazy\" decoding=\"async\" src=\"https:\/\/kleingarten-buergerfeld-dessau.de\/cms\/wp-content\/uploads\/2018\/10\/08167004-300x200.jpg\" width=\"300\" height=\"200\" alt=\"\" \/><\/a><\/div><div class=\"rl-gallery-item\"><a href=\"https:\/\/kleingarten-buergerfeld-dessau.de\/cms\/wp-content\/uploads\/2018\/10\/08167001.jpg\" title=\"\" data-rl_title=\"\" class=\"rl-gallery-link\" data-rl_caption=\"\" data-rel=\"lightbox-gallery-1\"><img loading=\"lazy\" decoding=\"async\" src=\"https:\/\/kleingarten-buergerfeld-dessau.de\/cms\/wp-content\/uploads\/2018\/10\/08167001-300x200.jpg\" width=\"300\" height=\"200\" alt=\"\" \/><\/a><\/div> <\/div> <\/div>\n<h4>der Saal<\/h4>\n<p><code><div class=\"rl-gallery-container rl-loading\" id=\"rl-gallery-container-2\" data-gallery_id=\"262\"> <div class=\"rl-gallery rl-basicgrid-gallery rl-hover-effect-1\" id=\"rl-gallery-2\" data-gallery_no=\"2\"> <div class=\"rl-gallery-item\"><a href=\"https:\/\/kleingarten-buergerfeld-dessau.de\/cms\/wp-content\/uploads\/2018\/10\/Pano_Saal_gr.jpg\" title=\"\" data-rl_title=\"\" class=\"rl-gallery-link\" data-rl_caption=\"\" data-rel=\"lightbox-gallery-2\"><img loading=\"lazy\" decoding=\"async\" src=\"https:\/\/kleingarten-buergerfeld-dessau.de\/cms\/wp-content\/uploads\/2018\/10\/Pano_Saal_gr-300x72.jpg\" width=\"300\" height=\"72\" alt=\"\" \/><\/a><\/div><div class=\"rl-gallery-item\"><a href=\"https:\/\/kleingarten-buergerfeld-dessau.de\/cms\/wp-content\/uploads\/2018\/10\/IMG_3395.jpg\" title=\"\" data-rl_title=\"\" class=\"rl-gallery-link\" data-rl_caption=\"\" data-rel=\"lightbox-gallery-2\"><img loading=\"lazy\" decoding=\"async\" src=\"https:\/\/kleingarten-buergerfeld-dessau.de\/cms\/wp-content\/uploads\/2018\/10\/IMG_3395-300x225.jpg\" width=\"300\" height=\"225\" alt=\"\" \/><\/a><\/div><div class=\"rl-gallery-item\"><a href=\"https:\/\/kleingarten-buergerfeld-dessau.de\/cms\/wp-content\/uploads\/2018\/10\/IMG_3396.jpg\" title=\"\" data-rl_title=\"\" class=\"rl-gallery-link\" data-rl_caption=\"\" data-rel=\"lightbox-gallery-2\"><img loading=\"lazy\" decoding=\"async\" src=\"https:\/\/kleingarten-buergerfeld-dessau.de\/cms\/wp-content\/uploads\/2018\/10\/IMG_3396-300x225.jpg\" width=\"300\" height=\"225\" alt=\"\" \/><\/a><\/div><div class=\"rl-gallery-item\"><a href=\"https:\/\/kleingarten-buergerfeld-dessau.de\/cms\/wp-content\/uploads\/2018\/10\/IMG_3397.jpg\" title=\"\" data-rl_title=\"\" class=\"rl-gallery-link\" data-rl_caption=\"\" data-rel=\"lightbox-gallery-2\"><img loading=\"lazy\" decoding=\"async\" src=\"https:\/\/kleingarten-buergerfeld-dessau.de\/cms\/wp-content\/uploads\/2018\/10\/IMG_3397-300x225.jpg\" width=\"300\" height=\"225\" alt=\"\" \/><\/a><\/div> <\/div> <\/div><\/code><\/p>\n<h4>die Gastst\u00e4tte<\/h4>\n<div class=\"rl-gallery-container rl-loading\" id=\"rl-gallery-container-3\" data-gallery_id=\"266\"> <div class=\"rl-gallery rl-basicgrid-gallery \" id=\"rl-gallery-3\" data-gallery_no=\"3\"> <div class=\"rl-gallery-item\"><a href=\"https:\/\/kleingarten-buergerfeld-dessau.de\/cms\/wp-content\/uploads\/2018\/10\/Pano_Gast.jpg\" title=\"\" data-rl_title=\"\" class=\"rl-gallery-link\" data-rl_caption=\"\" data-rel=\"lightbox-gallery-3\"><img loading=\"lazy\" decoding=\"async\" src=\"https:\/\/kleingarten-buergerfeld-dessau.de\/cms\/wp-content\/uploads\/2018\/10\/Pano_Gast-300x80.jpg\" width=\"300\" height=\"80\" alt=\"\" \/><\/a><\/div><div class=\"rl-gallery-item\"><a href=\"https:\/\/kleingarten-buergerfeld-dessau.de\/cms\/wp-content\/uploads\/2018\/10\/IMG_3400.jpg\" title=\"\" data-rl_title=\"\" class=\"rl-gallery-link\" data-rl_caption=\"\" data-rel=\"lightbox-gallery-3\"><img loading=\"lazy\" decoding=\"async\" src=\"https:\/\/kleingarten-buergerfeld-dessau.de\/cms\/wp-content\/uploads\/2018\/10\/IMG_3400-300x225.jpg\" width=\"300\" height=\"225\" alt=\"\" \/><\/a><\/div><div class=\"rl-gallery-item\"><a href=\"https:\/\/kleingarten-buergerfeld-dessau.de\/cms\/wp-content\/uploads\/2018\/10\/IMG_3399.jpg\" title=\"\" data-rl_title=\"\" class=\"rl-gallery-link\" data-rl_caption=\"\" data-rel=\"lightbox-gallery-3\"><img loading=\"lazy\" decoding=\"async\" src=\"https:\/\/kleingarten-buergerfeld-dessau.de\/cms\/wp-content\/uploads\/2018\/10\/IMG_3399-300x225.jpg\" width=\"300\" height=\"225\" alt=\"\" \/><\/a><\/div> <\/div> <\/div>\n<h4>Haben wir Ihr interesse geweckt? Dann gibt es hier die wichtigsten Dokumente:<\/h4>\n<ul>\n<li><a href=\"https:\/\/kleingarten-buergerfeld-dessau.de\/cms\/wp-content\/uploads\/2026\/03\/Mietvertrag_Vereinsheim_2026.pdf\">Vertrag_Vereinsheimvermietung<\/a><\/li>\n<li><a href=\"https:\/\/kleingarten-buergerfeld-dessau.de\/cms\/wp-content\/uploads\/2018\/10\/Wiederherstellung_Vermietung.pdf\">Wiederherstellung_Vermietung<\/a><\/li>\n<\/ul>\n\n\n<p><\/p>\n","protected":false},"excerpt":{"rendered":"<p>Vereinsheim mieten Der Saal ist gut geeignet f\u00fcr Vereins- und Familienfeiern f\u00fcr bis zu 50 Personen. Saal, Gastst\u00e4tte mit Getr\u00e4nkebuffet, K\u00fcchen, Toilettenanlagen sowie B\u00fchnen und separate R\u00e4umlichkeiten sind in der Nutzung inbegriffen. F\u00fcr Auskunft und Bestellungen k\u00f6nnen Sie gern an Gartenfreundin Fiedler per WhatsApp unter 017655286906 kontaktieren. Anonyme Anrufe werden allerdings ignoriert. das Vereinsheim der [&hellip;]<\/p>\n","protected":false},"author":1,"featured_media":0,"parent":0,"menu_order":0,"comment_status":"closed","ping_status":"closed","template":"","meta":{"footnotes":""},"class_list":["post-36","page","type-page","status-publish","hentry"],"_links":{"self":[{"href":"https:\/\/kleingarten-buergerfeld-dessau.de\/cms\/wp-json\/wp\/v2\/pages\/36","targetHints":{"allow":["GET"]}}],"collection":[{"href":"https:\/\/kleingarten-buergerfeld-dessau.de\/cms\/wp-json\/wp\/v2\/pages"}],"about":[{"href":"https:\/\/kleingarten-buergerfeld-dessau.de\/cms\/wp-json\/wp\/v2\/types\/page"}],"author":[{"embeddable":true,"href":"https:\/\/kleingarten-buergerfeld-dessau.de\/cms\/wp-json\/wp\/v2\/users\/1"}],"replies":[{"embeddable":true,"href":"https:\/\/kleingarten-buergerfeld-dessau.de\/cms\/wp-json\/wp\/v2\/comments?post=36"}],"version-history":[{"count":34,"href":"https:\/\/kleingarten-buergerfeld-dessau.de\/cms\/wp-json\/wp\/v2\/pages\/36\/revisions"}],"predecessor-version":[{"id":1142,"href":"https:\/\/kleingarten-buergerfeld-dessau.de\/cms\/wp-json\/wp\/v2\/pages\/36\/revisions\/1142"}],"wp:attachment":[{"href":"https:\/\/kleingarten-buergerfeld-dessau.de\/cms\/wp-json\/wp\/v2\/media?parent=36"}],"curies":[{"name":"wp","href":"https:\/\/api.w.org\/{rel}","templated":true}]}}