{"id":65,"date":"2018-08-28T09:29:13","date_gmt":"2018-08-28T09:29:13","guid":{"rendered":"http:\/\/kleingarten-buergerfeld-dessau.de\/cms\/?page_id=65"},"modified":"2026-04-10T18:36:04","modified_gmt":"2026-04-10T17:36:04","slug":"gartenordnung","status":"publish","type":"page","link":"https:\/\/kleingarten-buergerfeld-dessau.de\/cms\/gartenordnung\/","title":{"rendered":"Gartenordnung \/ Satzung"},"content":{"rendered":"<h4 style=\"text-align: center;\">Kleingartenverein \u201cB\u00fcrgerfeld\u201d e.V.<br \/>Nordweg<br \/>06849 Dessau-Ro\u00dflau<\/h4>\n<p style=\"text-align: center;\">Die <a href=\"https:\/\/www.gartenfreunde-dessau.de\/downloader.php?file=332de14ff12084434ad2972dc1b6a39d&amp;fid=MjQzODM=&amp;guid=TmUyTEVTcHlkN0d4IXNmNUxhYyV5UE5EZUtmdzh3eWo=&amp;cuid=NENpdkIyUGVqSlNRdWs1RllxdndzZDJLQjRpOGNFWg==\">Rahmengartenordnung<\/a> wurde am 02.09.2021 vom Gesamtvorstand des Stadtverbandes der Gartenfreunde Dessau e.V. beschlossen und ist somit f\u00fcr alle angeschlossenen Mitgliedsvereine bindend.<\/p>\n<p style=\"text-align: center;\">Die <a href=\"https:\/\/kleingarten-buergerfeld-dessau.de\/cms\/wp-content\/uploads\/2024\/07\/Gartenordnung-KGV-Buergerfeld.pdf\">Gartenordnung<\/a> des Kleingartenverein B\u00fcrgerfeld e.V. vom 01. November 2014 zum <a href=\"https:\/\/kleingarten-buergerfeld-dessau.de\/cms\/wp-content\/uploads\/2024\/07\/Gartenordnung-KGV-Buergerfeld.pdf\">Download<\/a><\/p>\n\n\n<p>Die <a href=\"https:\/\/kleingarten-buergerfeld-dessau.de\/cms\/wp-content\/uploads\/2026\/04\/Satzung_2022_x.pdf\">Satzung<\/a> des Kleingartenverein B\u00fcrgerfeld e.V. zum <a href=\"https:\/\/kleingarten-buergerfeld-dessau.de\/cms\/wp-content\/uploads\/2026\/04\/Satzung_2022_x.pdf\">Download<\/a><\/p>\n\n\n\n<p>Den <a href=\"https:\/\/kleingarten-buergerfeld-dessau.de\/cms\/wp-content\/uploads\/2026\/04\/EPV-Erstpaechter_2026.docx\">Einzelpachtvertrag<\/a> f\u00fcr einen Kleingarten gibt es hier zum <a href=\"https:\/\/kleingarten-buergerfeld-dessau.de\/cms\/wp-content\/uploads\/2026\/04\/EPV-Erstpaechter_2026.docx\">Download<\/a><\/p>\n","protected":false},"excerpt":{"rendered":"<p>Kleingartenverein \u201cB\u00fcrgerfeld\u201d e.V.Nordweg06849 Dessau-Ro\u00dflau Die Rahmengartenordnung wurde am 02.09.2021 vom Gesamtvorstand des Stadtverbandes der Gartenfreunde Dessau e.V. beschlossen und ist somit f\u00fcr alle angeschlossenen Mitgliedsvereine bindend. Die Gartenordnung des Kleingartenverein B\u00fcrgerfeld e.V. vom 01. November 2014 zum Download Die Satzung des Kleingartenverein B\u00fcrgerfeld e.V. zum Download Den Einzelpachtvertrag f\u00fcr einen Kleingarten gibt es hier zum [&hellip;]<\/p>\n","protected":false},"author":1,"featured_media":0,"parent":0,"menu_order":0,"comment_status":"closed","ping_status":"closed","template":"","meta":{"footnotes":""},"class_list":["post-65","page","type-page","status-publish","hentry"],"_links":{"self":[{"href":"https:\/\/kleingarten-buergerfeld-dessau.de\/cms\/wp-json\/wp\/v2\/pages\/65","targetHints":{"allow":["GET"]}}],"collection":[{"href":"https:\/\/kleingarten-buergerfeld-dessau.de\/cms\/wp-json\/wp\/v2\/pages"}],"about":[{"href":"https:\/\/kleingarten-buergerfeld-dessau.de\/cms\/wp-json\/wp\/v2\/types\/page"}],"author":[{"embeddable":true,"href":"https:\/\/kleingarten-buergerfeld-dessau.de\/cms\/wp-json\/wp\/v2\/users\/1"}],"replies":[{"embeddable":true,"href":"https:\/\/kleingarten-buergerfeld-dessau.de\/cms\/wp-json\/wp\/v2\/comments?post=65"}],"version-history":[{"count":21,"href":"https:\/\/kleingarten-buergerfeld-dessau.de\/cms\/wp-json\/wp\/v2\/pages\/65\/revisions"}],"predecessor-version":[{"id":1145,"href":"https:\/\/kleingarten-buergerfeld-dessau.de\/cms\/wp-json\/wp\/v2\/pages\/65\/revisions\/1145"}],"wp:attachment":[{"href":"https:\/\/kleingarten-buergerfeld-dessau.de\/cms\/wp-json\/wp\/v2\/media?parent=65"}],"curies":[{"name":"wp","href":"https:\/\/api.w.org\/{rel}","templated":true}]}}